{"id":650,"date":"2022-04-16T15:47:10","date_gmt":"2022-04-16T07:47:10","guid":{"rendered":"http:\/\/floraintlvn.com\/?post_type=product&#038;p=650"},"modified":"2022-04-17T09:34:49","modified_gmt":"2022-04-17T01:34:49","slug":"bisagra-de-la-puerta-bisagra","status":"publish","type":"product","link":"https:\/\/floraintlvn.com\/es\/product\/bisagra-de-la-puerta-bisagra\/","title":{"rendered":"bisagra de la puerta (bisagra)"},"content":{"rendered":"<p><img fetchpriority=\"high\" decoding=\"async\" class=\"alignnone size-full wp-image-221\" src=\"https:\/\/floraintlvn.com\/wp-content\/uploads\/2022\/04\/1012-12.jpg\" alt=\"\" width=\"554\" height=\"415\" srcset=\"https:\/\/floraintlvn.com\/wp-content\/uploads\/2022\/04\/1012-12.jpg 554w, https:\/\/floraintlvn.com\/wp-content\/uploads\/2022\/04\/1012-12-300x225.jpg 300w\" sizes=\"(max-width: 554px) 100vw, 554px\" \/> <img decoding=\"async\" class=\"alignnone size-full wp-image-220\" src=\"https:\/\/floraintlvn.com\/wp-content\/uploads\/2022\/04\/1012-11.jpg\" alt=\"\" width=\"554\" height=\"313\" srcset=\"https:\/\/floraintlvn.com\/wp-content\/uploads\/2022\/04\/1012-11.jpg 554w, https:\/\/floraintlvn.com\/wp-content\/uploads\/2022\/04\/1012-11-300x169.jpg 300w\" sizes=\"(max-width: 554px) 100vw, 554px\" \/><br \/>\nNombre del producto: bisagra de la puerta (bisagra). Material: SS 316. Peso: 3 kg. Dise\u00f1o OEM personalizado. Dise\u00f1o y realizaci\u00f3n de moldes. Mecanizado autom\u00e1tico CNC de precisi\u00f3n. Pulido espejo. Aplicaci\u00f3n: Muebles de aluminio de extrusi\u00f3n.<\/p>\n","protected":false},"excerpt":{"rendered":"<p>Nombre del producto: bisagra de la puerta (bisagra). Material: SS 316. Peso: 3 kg. Dise\u00f1o OEM personalizado. Dise\u00f1o y realizaci\u00f3n de moldes. Mecanizado autom\u00e1tico CNC de precisi\u00f3n. Pulido espejo. Aplicaci\u00f3n: Muebles de aluminio de extrusi\u00f3n.<\/p>\n","protected":false},"featured_media":492,"comment_status":"open","ping_status":"closed","template":"","meta":[],"product_brand":[],"product_cat":[52],"product_tag":[],"class_list":{"0":"post-650","1":"product","2":"type-product","3":"status-publish","4":"has-post-thumbnail","6":"product_cat-de-acero-inoxidable-cera-perdida","8":"first","9":"instock","10":"shipping-taxable","11":"product-type-simple"},"_links":{"self":[{"href":"https:\/\/floraintlvn.com\/es\/wp-json\/wp\/v2\/product\/650","targetHints":{"allow":["GET"]}}],"collection":[{"href":"https:\/\/floraintlvn.com\/es\/wp-json\/wp\/v2\/product"}],"about":[{"href":"https:\/\/floraintlvn.com\/es\/wp-json\/wp\/v2\/types\/product"}],"replies":[{"embeddable":true,"href":"https:\/\/floraintlvn.com\/es\/wp-json\/wp\/v2\/comments?post=650"}],"wp:featuredmedia":[{"embeddable":true,"href":"https:\/\/floraintlvn.com\/es\/wp-json\/wp\/v2\/media\/492"}],"wp:attachment":[{"href":"https:\/\/floraintlvn.com\/es\/wp-json\/wp\/v2\/media?parent=650"}],"wp:term":[{"taxonomy":"product_brand","embeddable":true,"href":"https:\/\/floraintlvn.com\/es\/wp-json\/wp\/v2\/product_brand?post=650"},{"taxonomy":"product_cat","embeddable":true,"href":"https:\/\/floraintlvn.com\/es\/wp-json\/wp\/v2\/product_cat?post=650"},{"taxonomy":"product_tag","embeddable":true,"href":"https:\/\/floraintlvn.com\/es\/wp-json\/wp\/v2\/product_tag?post=650"}],"curies":[{"name":"wp","href":"https:\/\/api.w.org\/{rel}","templated":true}]}}