{"id":648,"date":"2022-04-16T15:29:22","date_gmt":"2022-04-16T07:29:22","guid":{"rendered":"http:\/\/floraintlvn.com\/?post_type=product&#038;p=648"},"modified":"2022-04-17T09:29:56","modified_gmt":"2022-04-17T01:29:56","slug":"interruptor-de-la-cerveza","status":"publish","type":"product","link":"https:\/\/floraintlvn.com\/es\/product\/interruptor-de-la-cerveza\/","title":{"rendered":"interruptor de la cerveza"},"content":{"rendered":"<p><img fetchpriority=\"high\" decoding=\"async\" class=\"alignnone wp-image-199 size-full\" src=\"https:\/\/floraintlvn.com\/wp-content\/uploads\/2022\/04\/1012-3.jpg\" alt=\"\" width=\"554\" height=\"415\" srcset=\"https:\/\/floraintlvn.com\/wp-content\/uploads\/2022\/04\/1012-3.jpg 554w, https:\/\/floraintlvn.com\/wp-content\/uploads\/2022\/04\/1012-3-300x225.jpg 300w\" sizes=\"(max-width: 554px) 100vw, 554px\" \/><br \/>\nNombre del producto: interruptor de la cerveza. Material: SS 304, SS 316. Peso: 1,5 kg. Personalizaci\u00f3n. Dise\u00f1o y realizaci\u00f3n de moldes. Mecanizado autom\u00e1tico CNC de precisi\u00f3n. Pulido espejo. Aplicaci\u00f3n: Cerveza<\/p>\n","protected":false},"excerpt":{"rendered":"<p>Nombre del producto: interruptor de la cerveza. Material: SS 304, SS 316. Peso: 1,5 kg. Personalizaci\u00f3n. Dise\u00f1o y realizaci\u00f3n de moldes. Mecanizado autom\u00e1tico CNC de precisi\u00f3n. Pulido espejo. Aplicaci\u00f3n: Cerveza<\/p>\n","protected":false},"featured_media":472,"comment_status":"open","ping_status":"closed","template":"","meta":[],"product_brand":[],"product_cat":[52],"product_tag":[],"class_list":{"0":"post-648","1":"product","2":"type-product","3":"status-publish","4":"has-post-thumbnail","6":"product_cat-de-acero-inoxidable-cera-perdida","8":"first","9":"instock","10":"shipping-taxable","11":"product-type-simple"},"_links":{"self":[{"href":"https:\/\/floraintlvn.com\/es\/wp-json\/wp\/v2\/product\/648","targetHints":{"allow":["GET"]}}],"collection":[{"href":"https:\/\/floraintlvn.com\/es\/wp-json\/wp\/v2\/product"}],"about":[{"href":"https:\/\/floraintlvn.com\/es\/wp-json\/wp\/v2\/types\/product"}],"replies":[{"embeddable":true,"href":"https:\/\/floraintlvn.com\/es\/wp-json\/wp\/v2\/comments?post=648"}],"wp:featuredmedia":[{"embeddable":true,"href":"https:\/\/floraintlvn.com\/es\/wp-json\/wp\/v2\/media\/472"}],"wp:attachment":[{"href":"https:\/\/floraintlvn.com\/es\/wp-json\/wp\/v2\/media?parent=648"}],"wp:term":[{"taxonomy":"product_brand","embeddable":true,"href":"https:\/\/floraintlvn.com\/es\/wp-json\/wp\/v2\/product_brand?post=648"},{"taxonomy":"product_cat","embeddable":true,"href":"https:\/\/floraintlvn.com\/es\/wp-json\/wp\/v2\/product_cat?post=648"},{"taxonomy":"product_tag","embeddable":true,"href":"https:\/\/floraintlvn.com\/es\/wp-json\/wp\/v2\/product_tag?post=648"}],"curies":[{"name":"wp","href":"https:\/\/api.w.org\/{rel}","templated":true}]}}