{"id":645,"date":"2022-04-16T15:57:00","date_gmt":"2022-04-16T07:57:00","guid":{"rendered":"http:\/\/floraintlvn.com\/?post_type=product&#038;p=645"},"modified":"2022-04-17T09:23:58","modified_gmt":"2022-04-17T01:23:58","slug":"aluminio-moldeado","status":"publish","type":"product","link":"https:\/\/floraintlvn.com\/es\/product\/aluminio-moldeado\/","title":{"rendered":"Aluminio moldeado"},"content":{"rendered":"<p><img fetchpriority=\"high\" decoding=\"async\" class=\"alignnone wp-image-236 size-full\" src=\"https:\/\/floraintlvn.com\/wp-content\/uploads\/2022\/04\/1012-1-2-1.jpg\" alt=\"\" width=\"1500\" height=\"843\" srcset=\"https:\/\/floraintlvn.com\/wp-content\/uploads\/2022\/04\/1012-1-2-1.jpg 1500w, https:\/\/floraintlvn.com\/wp-content\/uploads\/2022\/04\/1012-1-2-1-300x169.jpg 300w, https:\/\/floraintlvn.com\/wp-content\/uploads\/2022\/04\/1012-1-2-1-1024x575.jpg 1024w, https:\/\/floraintlvn.com\/wp-content\/uploads\/2022\/04\/1012-1-2-1-768x432.jpg 768w, https:\/\/floraintlvn.com\/wp-content\/uploads\/2022\/04\/1012-1-2-1-600x337.jpg 600w\" sizes=\"(max-width: 1500px) 100vw, 1500px\" \/> <img decoding=\"async\" class=\"alignnone wp-image-237 size-full\" src=\"https:\/\/floraintlvn.com\/wp-content\/uploads\/2022\/04\/1012-2-2-1.jpg\" alt=\"\" width=\"554\" height=\"415\" srcset=\"https:\/\/floraintlvn.com\/wp-content\/uploads\/2022\/04\/1012-2-2-1.jpg 554w, https:\/\/floraintlvn.com\/wp-content\/uploads\/2022\/04\/1012-2-2-1-300x225.jpg 300w\" sizes=\"(max-width: 554px) 100vw, 554px\" \/><br \/>\nNombre del producto: silla de oficina asiento de aluminio de 5 patas. Material: Aluminio ADC12. Peso: 6 kg. Dise\u00f1o OEM modificado. Dise\u00f1o y realizaci\u00f3n de moldes. Desbarbado. Correcci\u00f3n. Pulido espejo. Aplicaci\u00f3n: sillas de oficina con respaldado.<\/p>\n","protected":false},"excerpt":{"rendered":"<p>Nombre del producto: silla de oficina asiento de aluminio de 5 patas. Material: Aluminio ADC12. Peso: 6 kg. Dise\u00f1o OEM modificado. Dise\u00f1o y realizaci\u00f3n de moldes. Desbarbado. Correcci\u00f3n. Pulido espejo. Aplicaci\u00f3n: sillas de oficina con respaldado.<\/p>\n","protected":false},"featured_media":508,"comment_status":"open","ping_status":"closed","template":"","meta":[],"product_brand":[],"product_cat":[49],"product_tag":[],"class_list":{"0":"post-645","1":"product","2":"type-product","3":"status-publish","4":"has-post-thumbnail","6":"product_cat-aluminio-moldeado","8":"first","9":"instock","10":"shipping-taxable","11":"product-type-simple"},"_links":{"self":[{"href":"https:\/\/floraintlvn.com\/es\/wp-json\/wp\/v2\/product\/645","targetHints":{"allow":["GET"]}}],"collection":[{"href":"https:\/\/floraintlvn.com\/es\/wp-json\/wp\/v2\/product"}],"about":[{"href":"https:\/\/floraintlvn.com\/es\/wp-json\/wp\/v2\/types\/product"}],"replies":[{"embeddable":true,"href":"https:\/\/floraintlvn.com\/es\/wp-json\/wp\/v2\/comments?post=645"}],"wp:featuredmedia":[{"embeddable":true,"href":"https:\/\/floraintlvn.com\/es\/wp-json\/wp\/v2\/media\/508"}],"wp:attachment":[{"href":"https:\/\/floraintlvn.com\/es\/wp-json\/wp\/v2\/media?parent=645"}],"wp:term":[{"taxonomy":"product_brand","embeddable":true,"href":"https:\/\/floraintlvn.com\/es\/wp-json\/wp\/v2\/product_brand?post=645"},{"taxonomy":"product_cat","embeddable":true,"href":"https:\/\/floraintlvn.com\/es\/wp-json\/wp\/v2\/product_cat?post=645"},{"taxonomy":"product_tag","embeddable":true,"href":"https:\/\/floraintlvn.com\/es\/wp-json\/wp\/v2\/product_tag?post=645"}],"curies":[{"name":"wp","href":"https:\/\/api.w.org\/{rel}","templated":true}]}}