{"id":643,"date":"2022-04-16T15:52:46","date_gmt":"2022-04-16T07:52:46","guid":{"rendered":"http:\/\/floraintlvn.com\/?post_type=product&#038;p=643"},"modified":"2022-04-17T09:24:55","modified_gmt":"2022-04-17T01:24:55","slug":"estampado","status":"publish","type":"product","link":"https:\/\/floraintlvn.com\/es\/product\/estampado\/","title":{"rendered":"Estampado"},"content":{"rendered":"<p><img fetchpriority=\"high\" decoding=\"async\" class=\"alignnone size-full wp-image-226\" src=\"https:\/\/floraintlvn.com\/wp-content\/uploads\/2022\/04\/1012-2-1.jpg\" alt=\"\" width=\"289\" height=\"385\" srcset=\"https:\/\/floraintlvn.com\/wp-content\/uploads\/2022\/04\/1012-2-1.jpg 289w, https:\/\/floraintlvn.com\/wp-content\/uploads\/2022\/04\/1012-2-1-225x300.jpg 225w\" sizes=\"(max-width: 289px) 100vw, 289px\" \/> <img decoding=\"async\" class=\"alignnone size-full wp-image-228\" src=\"https:\/\/floraintlvn.com\/wp-content\/uploads\/2022\/04\/1012-3-1.jpg\" alt=\"\" width=\"554\" height=\"313\" srcset=\"https:\/\/floraintlvn.com\/wp-content\/uploads\/2022\/04\/1012-3-1.jpg 554w, https:\/\/floraintlvn.com\/wp-content\/uploads\/2022\/04\/1012-3-1-300x169.jpg 300w\" sizes=\"(max-width: 554px) 100vw, 554px\" \/> <img decoding=\"async\" class=\"alignnone size-full wp-image-229\" src=\"https:\/\/floraintlvn.com\/wp-content\/uploads\/2022\/04\/1012-4-1.jpg\" alt=\"\" width=\"554\" height=\"415\" srcset=\"https:\/\/floraintlvn.com\/wp-content\/uploads\/2022\/04\/1012-4-1.jpg 554w, https:\/\/floraintlvn.com\/wp-content\/uploads\/2022\/04\/1012-4-1-300x225.jpg 300w\" sizes=\"(max-width: 554px) 100vw, 554px\" \/> <img loading=\"lazy\" decoding=\"async\" class=\"alignnone size-full wp-image-230\" src=\"https:\/\/floraintlvn.com\/wp-content\/uploads\/2022\/04\/1012-5-1.jpg\" alt=\"\" width=\"554\" height=\"415\" srcset=\"https:\/\/floraintlvn.com\/wp-content\/uploads\/2022\/04\/1012-5-1.jpg 554w, https:\/\/floraintlvn.com\/wp-content\/uploads\/2022\/04\/1012-5-1-300x225.jpg 300w\" sizes=\"(max-width: 554px) 100vw, 554px\" \/> <img loading=\"lazy\" decoding=\"async\" class=\"alignnone size-full wp-image-231\" src=\"https:\/\/floraintlvn.com\/wp-content\/uploads\/2022\/04\/1012-6-1.jpg\" alt=\"\" width=\"554\" height=\"415\" srcset=\"https:\/\/floraintlvn.com\/wp-content\/uploads\/2022\/04\/1012-6-1.jpg 554w, https:\/\/floraintlvn.com\/wp-content\/uploads\/2022\/04\/1012-6-1-300x225.jpg 300w\" sizes=\"(max-width: 554px) 100vw, 554px\" \/><img loading=\"lazy\" decoding=\"async\" class=\"alignnone size-full wp-image-233\" src=\"https:\/\/floraintlvn.com\/wp-content\/uploads\/2022\/04\/1012-7-1.jpg\" alt=\"\" width=\"554\" height=\"313\" srcset=\"https:\/\/floraintlvn.com\/wp-content\/uploads\/2022\/04\/1012-7-1.jpg 554w, https:\/\/floraintlvn.com\/wp-content\/uploads\/2022\/04\/1012-7-1-300x169.jpg 300w\" sizes=\"(max-width: 554px) 100vw, 554px\" \/><br \/>\nNombre del producto: Acero inoxidable de la bisagra (bisagra). Material: chapa de acero inoxidable. Peso: 20 g. Dise\u00f1o OEM personalizado. Dise\u00f1o y realizaci\u00f3n de moldes. Pulido espejo. Aplicaciones: Partes para puertas y ventanas de aluminio<\/p>\n","protected":false},"excerpt":{"rendered":"<p>Nombre del producto: Acero inoxidable de la bisagra (bisagra). Material: chapa de acero inoxidable. Peso: 20 g. Dise\u00f1o OEM personalizado. Dise\u00f1o y realizaci\u00f3n de moldes. Pulido espejo. Aplicaciones: Partes para puertas y ventanas de aluminio<\/p>\n","protected":false},"featured_media":499,"comment_status":"open","ping_status":"closed","template":"","meta":[],"product_brand":[],"product_cat":[50],"product_tag":[],"class_list":{"0":"post-643","1":"product","2":"type-product","3":"status-publish","4":"has-post-thumbnail","6":"product_cat-estampado","8":"first","9":"instock","10":"shipping-taxable","11":"product-type-simple"},"_links":{"self":[{"href":"https:\/\/floraintlvn.com\/es\/wp-json\/wp\/v2\/product\/643","targetHints":{"allow":["GET"]}}],"collection":[{"href":"https:\/\/floraintlvn.com\/es\/wp-json\/wp\/v2\/product"}],"about":[{"href":"https:\/\/floraintlvn.com\/es\/wp-json\/wp\/v2\/types\/product"}],"replies":[{"embeddable":true,"href":"https:\/\/floraintlvn.com\/es\/wp-json\/wp\/v2\/comments?post=643"}],"wp:featuredmedia":[{"embeddable":true,"href":"https:\/\/floraintlvn.com\/es\/wp-json\/wp\/v2\/media\/499"}],"wp:attachment":[{"href":"https:\/\/floraintlvn.com\/es\/wp-json\/wp\/v2\/media?parent=643"}],"wp:term":[{"taxonomy":"product_brand","embeddable":true,"href":"https:\/\/floraintlvn.com\/es\/wp-json\/wp\/v2\/product_brand?post=643"},{"taxonomy":"product_cat","embeddable":true,"href":"https:\/\/floraintlvn.com\/es\/wp-json\/wp\/v2\/product_cat?post=643"},{"taxonomy":"product_tag","embeddable":true,"href":"https:\/\/floraintlvn.com\/es\/wp-json\/wp\/v2\/product_tag?post=643"}],"curies":[{"name":"wp","href":"https:\/\/api.w.org\/{rel}","templated":true}]}}