{"id":642,"date":"2022-04-16T15:50:44","date_gmt":"2022-04-16T07:50:44","guid":{"rendered":"http:\/\/floraintlvn.com\/?post_type=product&#038;p=642"},"modified":"2022-04-17T09:26:02","modified_gmt":"2022-04-17T01:26:02","slug":"forja","status":"publish","type":"product","link":"https:\/\/floraintlvn.com\/es\/product\/forja\/","title":{"rendered":"Forja"},"content":{"rendered":"<p><img fetchpriority=\"high\" decoding=\"async\" class=\"alignnone size-full wp-image-224\" src=\"https:\/\/floraintlvn.com\/wp-content\/uploads\/2022\/04\/1012-1-1.jpg\" alt=\"\" width=\"1500\" height=\"843\" srcset=\"https:\/\/floraintlvn.com\/wp-content\/uploads\/2022\/04\/1012-1-1.jpg 1500w, https:\/\/floraintlvn.com\/wp-content\/uploads\/2022\/04\/1012-1-1-300x169.jpg 300w, https:\/\/floraintlvn.com\/wp-content\/uploads\/2022\/04\/1012-1-1-1024x575.jpg 1024w, https:\/\/floraintlvn.com\/wp-content\/uploads\/2022\/04\/1012-1-1-768x432.jpg 768w, https:\/\/floraintlvn.com\/wp-content\/uploads\/2022\/04\/1012-1-1-600x337.jpg 600w\" sizes=\"(max-width: 1500px) 100vw, 1500px\" \/><br \/>\nNombre del producto: Brida. Material: Acero. Peso: 3,5 kg. Dise\u00f1o OEM personalizado. Dise\u00f1o y realizaci\u00f3n de moldes. Mecanizado CNC. Aplicaciones: herramientas agr\u00edcolas.<\/p>\n","protected":false},"excerpt":{"rendered":"<p>Nombre del producto: Brida. Material: Acero. Peso: 3,5 kg. Dise\u00f1o OEM personalizado. Dise\u00f1o y realizaci\u00f3n de moldes. Mecanizado CNC. Aplicaciones: herramientas agr\u00edcolas.<\/p>\n","protected":false},"featured_media":493,"comment_status":"open","ping_status":"closed","template":"","meta":[],"product_brand":[],"product_cat":[51],"product_tag":[],"class_list":{"0":"post-642","1":"product","2":"type-product","3":"status-publish","4":"has-post-thumbnail","6":"product_cat-forja","8":"first","9":"instock","10":"shipping-taxable","11":"product-type-simple"},"_links":{"self":[{"href":"https:\/\/floraintlvn.com\/es\/wp-json\/wp\/v2\/product\/642","targetHints":{"allow":["GET"]}}],"collection":[{"href":"https:\/\/floraintlvn.com\/es\/wp-json\/wp\/v2\/product"}],"about":[{"href":"https:\/\/floraintlvn.com\/es\/wp-json\/wp\/v2\/types\/product"}],"replies":[{"embeddable":true,"href":"https:\/\/floraintlvn.com\/es\/wp-json\/wp\/v2\/comments?post=642"}],"wp:featuredmedia":[{"embeddable":true,"href":"https:\/\/floraintlvn.com\/es\/wp-json\/wp\/v2\/media\/493"}],"wp:attachment":[{"href":"https:\/\/floraintlvn.com\/es\/wp-json\/wp\/v2\/media?parent=642"}],"wp:term":[{"taxonomy":"product_brand","embeddable":true,"href":"https:\/\/floraintlvn.com\/es\/wp-json\/wp\/v2\/product_brand?post=642"},{"taxonomy":"product_cat","embeddable":true,"href":"https:\/\/floraintlvn.com\/es\/wp-json\/wp\/v2\/product_cat?post=642"},{"taxonomy":"product_tag","embeddable":true,"href":"https:\/\/floraintlvn.com\/es\/wp-json\/wp\/v2\/product_tag?post=642"}],"curies":[{"name":"wp","href":"https:\/\/api.w.org\/{rel}","templated":true}]}}