{"id":641,"date":"2022-04-16T15:23:12","date_gmt":"2022-04-16T07:23:12","guid":{"rendered":"http:\/\/floraintlvn.com\/?post_type=product&#038;p=641"},"modified":"2022-04-17T09:10:52","modified_gmt":"2022-04-17T01:10:52","slug":"sus-304-y-316-de-acero-inoxidable-cera-perdida","status":"publish","type":"product","link":"https:\/\/floraintlvn.com\/es\/product\/sus-304-y-316-de-acero-inoxidable-cera-perdida\/","title":{"rendered":"SUS 304 y 316 de acero inoxidable cera perdida"},"content":{"rendered":"<p>Nombre del producto: Motor Material del cuerpo: SS 304, SS 316, CF8, CF8M, SCS13, SCS14. Peso: 3.4 kgs. Dise\u00f1o OEM personalizado. Dise\u00f1o y realizaci\u00f3n de moldes. Soluble en agua de la cera. Mecanizado autom\u00e1tico CNC de precisi\u00f3n. Aplicaci\u00f3n: uso industrial<\/p>\n","protected":false},"excerpt":{"rendered":"<p>Nombre del producto: Motor Material del cuerpo: SS 304, SS 316, CF8, CF8M, SCS13, SCS14. Peso: 3.4 kgs. Dise\u00f1o OEM personalizado. Dise\u00f1o y realizaci\u00f3n de moldes. Soluble en agua de la cera. Mecanizado autom\u00e1tico CNC de precisi\u00f3n. Aplicaci\u00f3n: uso industrial<\/p>\n","protected":false},"featured_media":470,"comment_status":"open","ping_status":"closed","template":"","meta":[],"product_brand":[],"product_cat":[18],"product_tag":[],"class_list":{"0":"post-641","1":"product","2":"type-product","3":"status-publish","4":"has-post-thumbnail","6":"product_cat-18","8":"first","9":"instock","10":"shipping-taxable","11":"product-type-simple"},"_links":{"self":[{"href":"https:\/\/floraintlvn.com\/es\/wp-json\/wp\/v2\/product\/641","targetHints":{"allow":["GET"]}}],"collection":[{"href":"https:\/\/floraintlvn.com\/es\/wp-json\/wp\/v2\/product"}],"about":[{"href":"https:\/\/floraintlvn.com\/es\/wp-json\/wp\/v2\/types\/product"}],"replies":[{"embeddable":true,"href":"https:\/\/floraintlvn.com\/es\/wp-json\/wp\/v2\/comments?post=641"}],"wp:featuredmedia":[{"embeddable":true,"href":"https:\/\/floraintlvn.com\/es\/wp-json\/wp\/v2\/media\/470"}],"wp:attachment":[{"href":"https:\/\/floraintlvn.com\/es\/wp-json\/wp\/v2\/media?parent=641"}],"wp:term":[{"taxonomy":"product_brand","embeddable":true,"href":"https:\/\/floraintlvn.com\/es\/wp-json\/wp\/v2\/product_brand?post=641"},{"taxonomy":"product_cat","embeddable":true,"href":"https:\/\/floraintlvn.com\/es\/wp-json\/wp\/v2\/product_cat?post=641"},{"taxonomy":"product_tag","embeddable":true,"href":"https:\/\/floraintlvn.com\/es\/wp-json\/wp\/v2\/product_tag?post=641"}],"curies":[{"name":"wp","href":"https:\/\/api.w.org\/{rel}","templated":true}]}}